{"id":1221,"date":"2020-04-06T11:44:21","date_gmt":"2020-04-06T09:44:21","guid":{"rendered":"https:\/\/most.presb.pl\/poznajmy-sie\/"},"modified":"2025-10-21T15:02:04","modified_gmt":"2025-10-21T13:02:04","slug":"team","status":"publish","type":"page","link":"https:\/\/fundacjamost.pl\/en\/team\/","title":{"rendered":"Team"},"content":{"rendered":"","protected":false},"excerpt":{"rendered":"","protected":false},"author":1,"featured_media":0,"parent":0,"menu_order":0,"comment_status":"closed","ping_status":"closed","template":"template-poznajmy-sie.php","meta":{"_acf_changed":false,"footnotes":""},"class_list":["post-1221","page","type-page","status-publish","hentry"],"acf":[],"yoast_head":"<!-- This site is optimized with the Yoast SEO plugin v25.7 - https:\/\/yoast.com\/wordpress\/plugins\/seo\/ -->\n<title>Team - MOST - Doradztwo strategiczne dla firm<\/title>\n<meta name=\"description\" content=\"Poznaj zesp\u00f3\u0142 Fundacji MOST. Doradzamy strategicznie startupom technologicznym oraz firmom pozytywnego wp\u0142ywu.\" \/>\n<meta name=\"robots\" content=\"index, follow, max-snippet:-1, max-image-preview:large, max-video-preview:-1\" \/>\n<link rel=\"canonical\" href=\"https:\/\/fundacjamost.pl\/en\/team\/\" \/>\n<meta property=\"og:locale\" content=\"en_US\" \/>\n<meta property=\"og:type\" content=\"article\" \/>\n<meta property=\"og:title\" content=\"Team - MOST - Doradztwo strategiczne dla firm\" \/>\n<meta property=\"og:description\" content=\"Poznaj zesp\u00f3\u0142 Fundacji MOST. Doradzamy strategicznie startupom technologicznym oraz firmom pozytywnego wp\u0142ywu.\" \/>\n<meta property=\"og:url\" content=\"https:\/\/fundacjamost.pl\/en\/team\/\" \/>\n<meta property=\"og:site_name\" content=\"MOST\" \/>\n<meta property=\"article:publisher\" content=\"https:\/\/www.facebook.com\/FundacjaMOST\/\" \/>\n<meta property=\"article:modified_time\" content=\"2025-10-21T13:02:04+00:00\" \/>\n<meta name=\"twitter:card\" content=\"summary_large_image\" \/>\n<script type=\"application\/ld+json\" class=\"yoast-schema-graph\">{\"@context\":\"https:\/\/schema.org\",\"@graph\":[{\"@type\":\"WebPage\",\"@id\":\"https:\/\/fundacjamost.pl\/en\/team\/\",\"url\":\"https:\/\/fundacjamost.pl\/en\/team\/\",\"name\":\"Team - MOST - Doradztwo strategiczne dla firm\",\"isPartOf\":{\"@id\":\"https:\/\/fundacjamost.pl\/en\/#website\"},\"datePublished\":\"2020-04-06T09:44:21+00:00\",\"dateModified\":\"2025-10-21T13:02:04+00:00\",\"description\":\"Poznaj zesp\u00f3\u0142 Fundacji MOST. Doradzamy strategicznie startupom technologicznym oraz firmom pozytywnego wp\u0142ywu.\",\"breadcrumb\":{\"@id\":\"https:\/\/fundacjamost.pl\/en\/team\/#breadcrumb\"},\"inLanguage\":\"en-US\",\"potentialAction\":[{\"@type\":\"ReadAction\",\"target\":[\"https:\/\/fundacjamost.pl\/en\/team\/\"]}]},{\"@type\":\"BreadcrumbList\",\"@id\":\"https:\/\/fundacjamost.pl\/en\/team\/#breadcrumb\",\"itemListElement\":[{\"@type\":\"ListItem\",\"position\":1,\"name\":\"Strona g\u0142\u00f3wna\",\"item\":\"https:\/\/fundacjamost.pl\/en\/\"},{\"@type\":\"ListItem\",\"position\":2,\"name\":\"Team\"}]},{\"@type\":\"WebSite\",\"@id\":\"https:\/\/fundacjamost.pl\/en\/#website\",\"url\":\"https:\/\/fundacjamost.pl\/en\/\",\"name\":\"MOST\",\"description\":\"\",\"potentialAction\":[{\"@type\":\"SearchAction\",\"target\":{\"@type\":\"EntryPoint\",\"urlTemplate\":\"https:\/\/fundacjamost.pl\/en\/?s={search_term_string}\"},\"query-input\":{\"@type\":\"PropertyValueSpecification\",\"valueRequired\":true,\"valueName\":\"search_term_string\"}}],\"inLanguage\":\"en-US\"}]}<\/script>\n<!-- \/ Yoast SEO plugin. -->","yoast_head_json":{"title":"Team - MOST - Doradztwo strategiczne dla firm","description":"Poznaj zesp\u00f3\u0142 Fundacji MOST. Doradzamy strategicznie startupom technologicznym oraz firmom pozytywnego wp\u0142ywu.","robots":{"index":"index","follow":"follow","max-snippet":"max-snippet:-1","max-image-preview":"max-image-preview:large","max-video-preview":"max-video-preview:-1"},"canonical":"https:\/\/fundacjamost.pl\/en\/team\/","og_locale":"en_US","og_type":"article","og_title":"Team - MOST - Doradztwo strategiczne dla firm","og_description":"Poznaj zesp\u00f3\u0142 Fundacji MOST. Doradzamy strategicznie startupom technologicznym oraz firmom pozytywnego wp\u0142ywu.","og_url":"https:\/\/fundacjamost.pl\/en\/team\/","og_site_name":"MOST","article_publisher":"https:\/\/www.facebook.com\/FundacjaMOST\/","article_modified_time":"2025-10-21T13:02:04+00:00","twitter_card":"summary_large_image","schema":{"@context":"https:\/\/schema.org","@graph":[{"@type":"WebPage","@id":"https:\/\/fundacjamost.pl\/en\/team\/","url":"https:\/\/fundacjamost.pl\/en\/team\/","name":"Team - MOST - Doradztwo strategiczne dla firm","isPartOf":{"@id":"https:\/\/fundacjamost.pl\/en\/#website"},"datePublished":"2020-04-06T09:44:21+00:00","dateModified":"2025-10-21T13:02:04+00:00","description":"Poznaj zesp\u00f3\u0142 Fundacji MOST. Doradzamy strategicznie startupom technologicznym oraz firmom pozytywnego wp\u0142ywu.","breadcrumb":{"@id":"https:\/\/fundacjamost.pl\/en\/team\/#breadcrumb"},"inLanguage":"en-US","potentialAction":[{"@type":"ReadAction","target":["https:\/\/fundacjamost.pl\/en\/team\/"]}]},{"@type":"BreadcrumbList","@id":"https:\/\/fundacjamost.pl\/en\/team\/#breadcrumb","itemListElement":[{"@type":"ListItem","position":1,"name":"Strona g\u0142\u00f3wna","item":"https:\/\/fundacjamost.pl\/en\/"},{"@type":"ListItem","position":2,"name":"Team"}]},{"@type":"WebSite","@id":"https:\/\/fundacjamost.pl\/en\/#website","url":"https:\/\/fundacjamost.pl\/en\/","name":"MOST","description":"","potentialAction":[{"@type":"SearchAction","target":{"@type":"EntryPoint","urlTemplate":"https:\/\/fundacjamost.pl\/en\/?s={search_term_string}"},"query-input":{"@type":"PropertyValueSpecification","valueRequired":true,"valueName":"search_term_string"}}],"inLanguage":"en-US"}]}},"_links":{"self":[{"href":"https:\/\/fundacjamost.pl\/en\/wp-json\/wp\/v2\/pages\/1221","targetHints":{"allow":["GET"]}}],"collection":[{"href":"https:\/\/fundacjamost.pl\/en\/wp-json\/wp\/v2\/pages"}],"about":[{"href":"https:\/\/fundacjamost.pl\/en\/wp-json\/wp\/v2\/types\/page"}],"author":[{"embeddable":true,"href":"https:\/\/fundacjamost.pl\/en\/wp-json\/wp\/v2\/users\/1"}],"replies":[{"embeddable":true,"href":"https:\/\/fundacjamost.pl\/en\/wp-json\/wp\/v2\/comments?post=1221"}],"version-history":[{"count":7,"href":"https:\/\/fundacjamost.pl\/en\/wp-json\/wp\/v2\/pages\/1221\/revisions"}],"predecessor-version":[{"id":1338,"href":"https:\/\/fundacjamost.pl\/en\/wp-json\/wp\/v2\/pages\/1221\/revisions\/1338"}],"wp:attachment":[{"href":"https:\/\/fundacjamost.pl\/en\/wp-json\/wp\/v2\/media?parent=1221"}],"curies":[{"name":"wp","href":"https:\/\/api.w.org\/{rel}","templated":true}]}}